{"id":1461,"date":"2023-03-20T13:57:46","date_gmt":"2023-03-20T12:57:46","guid":{"rendered":"https:\/\/admin.boschcarservice.dk\/danish\/?page_id=1461"},"modified":"2023-08-25T15:51:34","modified_gmt":"2023-08-25T13:51:34","slug":"ledige-stillinger","status":"publish","type":"page","link":"https:\/\/admin.boschcarservice.dk\/danish\/om-os\/ledige-stillinger\/","title":{"rendered":"Ledige stillinger"},"content":{"rendered":"\n<div class=\"wp-block-hoyry-bosch-article-hero alignwide is-style-hoyry-bosch-article-hero-large-image\" style=\"margin-top:var(--wp--preset--spacing--60)\"><article-hero-block><hero-content><h2 class=\"wp-block-post-title\">Ledige stillinger<\/h2>\n\n<div class=\"wp-block-post-excerpt\"><p class=\"wp-block-post-excerpt__excerpt\">Vil du v\u00e6re en del af vores team? Vi er altid p\u00e5 udkig efter motiverede og talentfulde personer til at blive en del af vores team! Vi tilbyder et dynamisk arbejdsmilj\u00f8, hvor du kan udvikle dine f\u00e6rdigheder gennem teknisk tr\u00e6ning direkte hos Bosch. <\/p><\/div><\/hero-content><hero-image><img decoding=\"async\" src=\"https:\/\/admin.boschcarservice.dk\/danish\/wp-content\/uploads\/sites\/7\/2023\/08\/bcs-open-positions.jpg\" \/><\/hero-image><\/article-hero-block><\/div>\n\n\n\n<div class=\"wp-block-group has-global-padding is-layout-constrained wp-container-core-group-is-layout-1 wp-block-group-is-layout-constrained\">\n<div style=\"height:60px\" aria-hidden=\"true\" class=\"wp-block-spacer\"><\/div>\n\n\n\n<div class=\"wp-block-hoyry-accordion\"><accordion-block x-data=\"{ active: 1 }\">\n<div class=\"wp-block-hoyry-accordion-item\"><accordion-item-block x-data=\"if( active == 1 ) active = 'a616e1fb-89a4-45e3-aa84-699bc0ec90f3'\" x-bind:class=\"active == 'a616e1fb-89a4-45e3-aa84-699bc0ec90f3' &amp;&amp; 'open'\"><accordion-item-title-wrapper x-on:click=\"\n\t\t\t\t\tif( active != 'a616e1fb-89a4-45e3-aa84-699bc0ec90f3' ) active = 'a616e1fb-89a4-45e3-aa84-699bc0ec90f3'\n\t\t\t\t\telse active = null\n\t\t\t\t\"><accordion-item-icon-wrapper><accordion-item-icon><svg xmlns=\"http:\/\/www.w3.org\/2000\/svg\" width=\"20\" height=\"20\" viewBox=\"0 0 20 20\"><path fill=\"currentColor\" d=\"m5 6l5 5l5-5l2 1l-7 7l-7-7z\"><\/path><\/svg><\/accordion-item-icon><\/accordion-item-icon-wrapper><accordion-item-title><h3><strong>Vi s\u00f8ger uddannede mekanikere til vores v\u00e6rksted<\/strong><\/h3><\/accordion-item-title><\/accordion-item-title-wrapper><accordion-item-content-wrapper x-show=\"active == 'a616e1fb-89a4-45e3-aa84-699bc0ec90f3'\" x-collapse.duration.200ms=\"\"><accordion-item-content>\n<p>Vil du gerne v\u00e6re en del af et stort netv\u00e6rk af Bosch Car Service v\u00e6rksteder og f\u00e5 viden om fremtidens teknologi? Bliv en del af en international v\u00e6rkstedsk\u00e6de med fokus p\u00e5 kvalitet og udvikling. Til vores v\u00e6rksted s\u00f8ger vi en kvalitetsbevidst og erfaren mekaniker, der kan v\u00e6re med til at l\u00f8se hverdagens udfordringer.<\/p>\n\n\n\n<h4 class=\"wp-block-heading\">Lidt om dig:<\/h4>\n\n\n\n<p>\u25ba\u00a0 \u00a0 Du er uddannet mekaniker, og vi ser gerne du har erfaring med forskellige bilm\u00e6rker<br>\u25ba\u00a0 \u00a0 Du har viden og kendskab til fejls\u00f8gning- og diagnoseudstyr (gerne Bosch)<br>\u25ba\u00a0 \u00a0 Du kan lide at arbejde med forskellige problemstillinger p\u00e5 alle typer k\u00f8ret\u00f8jer<br>\u25ba\u00a0 \u00a0 Du er punktlig, arbejder selvst\u00e6ndigt og struktureret<br>\u25ba\u00a0 \u00a0 Du har altid kunden i fokus, yder den bedst mulige service og kan r\u00e5dgive efter fuldf\u00f8rt arbejde<\/p>\n\n\n\n<h4 class=\"wp-block-heading\">Vi tilbyder:<\/h4>\n\n\n\n<p>\u25ba\u00a0 \u00a0 Et godt arbejdsmilj\u00f8 med engagerede og fagligt dygtige kolleger<br>\u25ba\u00a0 \u00a0 En arbejdsplads, hvor du kommer til at udvikle dine kompetencer og viden inden for den teknologiske udvikling \u2013 bl.a. via tekniske kurser hos Bosch,<br>\u25ba\u00a0 \u00a0 Systemtekniker udd. mm.<br>\u25ba\u00a0 \u00a0 Sundhedsforsikring \/ andre personalegoder<br>\u25ba\u00a0 \u00a0 L\u00f8n efter kvalifikationer<\/p>\n\n\n\n<div style=\"height:50px\" aria-hidden=\"true\" class=\"wp-block-spacer\"><\/div>\n\n\n\n<div class=\"wp-block-buttons is-layout-flex wp-block-buttons-is-layout-flex\">\n<div class=\"wp-block-button\"><a class=\"wp-block-button__link wp-element-button\" href=\"https:\/\/admin.boschcarservice.dk\/danish\/kontakt-os\/\">Ans\u00f8g nu<\/a><\/div>\n<\/div>\n<\/accordion-item-content><\/accordion-item-content-wrapper><\/accordion-item-block><\/div>\n\n\n\n<div class=\"wp-block-hoyry-accordion-item\"><accordion-item-block x-data=\"if( active == 1 ) active = '7a8e416d-a4a5-4c49-9ada-96afb5ef6ac1'\" x-bind:class=\"active == '7a8e416d-a4a5-4c49-9ada-96afb5ef6ac1' &amp;&amp; 'open'\"><accordion-item-title-wrapper x-on:click=\"\n\t\t\t\t\tif( active != '7a8e416d-a4a5-4c49-9ada-96afb5ef6ac1' ) active = '7a8e416d-a4a5-4c49-9ada-96afb5ef6ac1'\n\t\t\t\t\telse active = null\n\t\t\t\t\"><accordion-item-icon-wrapper><accordion-item-icon><svg xmlns=\"http:\/\/www.w3.org\/2000\/svg\" width=\"20\" height=\"20\" viewBox=\"0 0 20 20\"><path fill=\"currentColor\" d=\"m5 6l5 5l5-5l2 1l-7 7l-7-7z\"><\/path><\/svg><\/accordion-item-icon><\/accordion-item-icon-wrapper><accordion-item-title><h3><strong>Vi s\u00f8ger en mekanikerl\u00e6rling med teknisk flair til vores v\u00e6rksted<\/strong><\/h3><\/accordion-item-title><\/accordion-item-title-wrapper><accordion-item-content-wrapper x-show=\"active == '7a8e416d-a4a5-4c49-9ada-96afb5ef6ac1'\" x-collapse.duration.200ms=\"\"><accordion-item-content>\n<p>Vil du gerne v\u00e6re en del af et stort netv\u00e6rk af Bosch Car Service v\u00e6rksteder og f\u00e5 viden om fremtidens teknologi?<br>Bliv en del af en international v\u00e6rkstedsk\u00e6de med fokus p\u00e5 kvalitet og udvikling. Vi s\u00f8ger en engageret l\u00e6rling til vores v\u00e6rksted, hvor erfarne og dygtige kolleger vil s\u00f8rge for et godt forl\u00f8b, sparring og ikke mindst en hverdag fyldt med udfordringer.<\/p>\n\n\n\n<h4 class=\"wp-block-heading\">Lidt om dig:<\/h4>\n\n\n\n<p>\u25ba\u00a0 \u00a0 Du er ansvarlig og forst\u00e5r vigtigheden af at yde god service<br>\u25ba\u00a0 \u00a0 Du s\u00e6tter en \u00e6re i at v\u00e6re punktlig og overholde dine aftaler<br>\u25ba\u00a0 \u00a0 Du har en god indstilling til arbejdet og trives med frihed under ansvar<br>\u25ba\u00a0 \u00a0 Du arbejder selvst\u00e6ndigt og effektivt<br>\u25ba\u00a0 \u00a0 Du er en positiv teamplayer, der er forandringsvillig<br>\u25ba\u00a0 \u00a0 Du interesserer dig for IT og ny teknologi<br>\u25ba\u00a0 \u00a0 Du har afsluttet grundforl\u00f8b og kan tale\/skrive dansk (evt. engelsk)<\/p>\n\n\n\n<h4 class=\"wp-block-heading\">Vi tilbyder:<\/h4>\n\n\n\n<p>\u25ba\u00a0 \u00a0 En skr\u00e6ddersyet Bosch Car Service l\u00e6rlingeuddannelse, der sikrer dig den bedste uddannelse og specialviden om Bosch udstyr og komponenter<br>\u25ba\u00a0 \u00a0 En arbejdsplads, der er en del af en global netv\u00e6rksk\u00e6de<br>\u25ba\u00a0 \u00a0 Et godt arbejdsmilj\u00f8 med engagerede og fagligt dygtige kolleger<br>\u25ba\u00a0 \u00a0 Et forl\u00f8b med gode udviklingsmuligheder baseret p\u00e5 dine evner og motivation<br>\u25ba\u00a0 \u00a0 En arbejdsplads, hvor du kommer til at arbejde med avanceret test- og diagnoseudstyr<br>\u25ba\u00a0 \u00a0 Elevl\u00f8n ift. overenskomst<\/p>\n\n\n\n<div style=\"height:50px\" aria-hidden=\"true\" class=\"wp-block-spacer\"><\/div>\n\n\n\n<div class=\"wp-block-buttons is-layout-flex wp-block-buttons-is-layout-flex\">\n<div class=\"wp-block-button\"><a class=\"wp-block-button__link wp-element-button\" href=\"https:\/\/admin.boschcarservice.dk\/danish\/kontakt-os\/\">Ans\u00f8g nu<\/a><\/div>\n<\/div>\n<\/accordion-item-content><\/accordion-item-content-wrapper><\/accordion-item-block><\/div>\n\n\n\n<div class=\"wp-block-hoyry-accordion-item\"><accordion-item-block x-data=\"if( active == 1 ) active = '9e413953-6310-491d-bd12-24ba58398dd7'\" x-bind:class=\"active == '9e413953-6310-491d-bd12-24ba58398dd7' &amp;&amp; 'open'\"><accordion-item-title-wrapper x-on:click=\"\n\t\t\t\t\tif( active != '9e413953-6310-491d-bd12-24ba58398dd7' ) active = '9e413953-6310-491d-bd12-24ba58398dd7'\n\t\t\t\t\telse active = null\n\t\t\t\t\"><accordion-item-icon-wrapper><accordion-item-icon><svg xmlns=\"http:\/\/www.w3.org\/2000\/svg\" width=\"20\" height=\"20\" viewBox=\"0 0 20 20\"><path fill=\"currentColor\" d=\"m5 6l5 5l5-5l2 1l-7 7l-7-7z\"><\/path><\/svg><\/accordion-item-icon><\/accordion-item-icon-wrapper><accordion-item-title><h3><strong>Engageret kundemodtager s\u00f8ges til vores v\u00e6rksted<\/strong><\/h3><\/accordion-item-title><\/accordion-item-title-wrapper><accordion-item-content-wrapper x-show=\"active == '9e413953-6310-491d-bd12-24ba58398dd7'\" x-collapse.duration.200ms=\"\"><accordion-item-content>\n<p>Vi s\u00f8ger en ny kollega til vores kundemodtagelse, der vil v\u00e6re med til at sikre et h\u00f8jt serviceniveau og give vores kunder p\u00e5 v\u00e6rkstedet en god og tryg oplevelse. Bliv en del af en international v\u00e6rkstedsk\u00e6de med fokus p\u00e5 kvalitet og udvikling. Er du uddannet reservedelsekspedient eller har anden relevant erfaring fra servicebranchen, ser vi det som en fordel \u2013 men det er ikke et krav. Gennem din opl\u00e6ring vil vi s\u00f8rge for at kl\u00e6de dig p\u00e5 til dine arbejdsopgaver, og du vil blive en del af et team af dygtige teknikere og v\u00e6rkf\u00f8rere.<\/p>\n\n\n\n<h4 class=\"wp-block-heading\">Lidt om dig:<\/h4>\n\n\n\n<p>\u25ba\u00a0 \u00a0 Du er serviceminded og udadvendt<br>\u25ba\u00a0 \u00a0 Du er i stand til at skabe tillid til mennesker og form\u00e5r at have kunden i fokus<br>\u25ba\u00a0 \u00a0 Du kan planl\u00e6gge egne opgaver og arbejder selvst\u00e6ndigt<br>\u25ba\u00a0 \u00a0 Du har gode sprogkundskaber i dansk (skrift og tale) og gerne i engelsk.<br>\u25ba\u00a0 \u00a0 Du interesserer dig for IT og ny teknologi<br>\u25ba\u00a0 \u00a0 Dine prim\u00e6re arbejdsopgaver:<br>\u25ba\u00a0 \u00a0 Bidrage til at sikre en h\u00f8j standard og kundetilfredshed<br>\u25ba\u00a0 \u00a0 Kundemodtagelse, planl\u00e6gning og indskrivning af arbejdsopgaver<br>\u25ba\u00a0 \u00a0 Telefonisk kundekontakt og r\u00e5dgivning<br>\u25ba\u00a0 \u00a0 Tilbudsgivning og fakturering<br>\u25ba\u00a0 \u00a0 Diverse administrative opgaver<\/p>\n\n\n\n<h4 class=\"wp-block-heading\">Dine prim\u00e6re arbejdsopgaver:<\/h4>\n\n\n\n<p>\u25ba\u00a0 \u00a0 Bidrage til at sikre en h\u00f8j standard og kundetilfredshed<br>\u25ba\u00a0 \u00a0 Kundemodtagelse, planl\u00e6gning og indskrivning af arbejdsopgaver<br>\u25ba\u00a0 \u00a0 Telefonisk kundekontakt og r\u00e5dgivning<br>\u25ba\u00a0 \u00a0 Tilbudsgivning og fakturering<br>\u25ba\u00a0 \u00a0 Diverse administrative opgaver<\/p>\n\n\n\n<h4 class=\"wp-block-heading\">Vi tilbyder:<\/h4>\n\n\n\n<p>\u25ba\u00a0 \u00a0 God og konkurrencedygtig l\u00f8n efter dine kvalifikationer<br>\u25ba\u00a0 \u00a0 Et udviklende arbejdsmilj\u00f8, hvor vi hj\u00e6lper og st\u00f8tter hinanden i travle perioder<br>\u25ba\u00a0 \u00a0 En sp\u00e6ndende hverdag med en god omgangstone med dine kolleger<br>\u25ba\u00a0 \u00a0 Gode muligheder for jobm\u00e6ssig- og personlig udvikling<br>\u25ba\u00a0 \u00a0 Vi tilbyder attraktive personalegoder som f.eks. sundhedsforsikring \u2026<\/p>\n\n\n\n<div style=\"height:50px\" aria-hidden=\"true\" class=\"wp-block-spacer\"><\/div>\n\n\n\n<div class=\"wp-block-buttons is-layout-flex wp-block-buttons-is-layout-flex\">\n<div class=\"wp-block-button\"><a class=\"wp-block-button__link wp-element-button\" href=\"https:\/\/admin.boschcarservice.dk\/danish\/contact-us\/\">Ans\u00f8g nu<\/a><\/div>\n<\/div>\n<\/accordion-item-content><\/accordion-item-content-wrapper><\/accordion-item-block><\/div>\n<\/accordion-block><\/div>\n<\/div>\n\n\n\n<div style=\"height:60px\" aria-hidden=\"true\" class=\"wp-block-spacer\"><\/div>\n\n\n\n<div class=\"wp-block-group alignfull has-dark-blue-background-color has-background has-global-padding is-layout-constrained wp-container-core-group-is-layout-3 wp-block-group-is-layout-constrained\" style=\"margin-top:0;padding-top:var(--wp--preset--spacing--140);padding-right:var(--wp--preset--spacing--20-100);padding-bottom:var(--wp--preset--spacing--140);padding-left:var(--wp--preset--spacing--20-100)\">\n<div class=\"wp-block-group has-global-padding is-layout-constrained wp-container-core-group-is-layout-2 wp-block-group-is-layout-constrained\">\n<h2 class=\"wp-block-heading has-text-align-center has-white-color has-text-color\">Interesseret? Kontakt os i dag.<\/h2>\n\n\n\n<p class=\"has-text-align-center has-light-grey-color has-text-color\">Send din ans\u00f8gning og CV gennem kontaktformularen. Du er ogs\u00e5 velkommen til at kontakte os, hvis du har sp\u00f8rgsm\u00e5l vedr\u00f8rende stillingen. Vi ser frem til at modtage din ans\u00f8gning.<\/p>\n\n\n\n<div class=\"wp-block-buttons is-content-justification-center is-layout-flex wp-container-core-buttons-is-layout-4 wp-block-buttons-is-layout-flex\">\n<div class=\"wp-block-button\"><a class=\"wp-block-button__link wp-element-button\" href=\"https:\/\/admin.boschcarservice.dk\/danish\/kontakt-os\/\">Ans\u00f8g nu<\/a><\/div>\n<\/div>\n<\/div>\n<\/div>\n","protected":false},"excerpt":{"rendered":"<p>Vil du v\u00e6re en del af vores team? Vi er altid p\u00e5 udkig efter motiverede og talentfulde personer til at blive en del af vores team! Vi tilbyder et dynamisk arbejdsmilj\u00f8, hvor du kan udvikle dine f\u00e6rdigheder gennem teknisk tr\u00e6ning direkte hos Bosch.<\/p>\n","protected":false},"author":1,"featured_media":2330,"parent":1438,"menu_order":5,"comment_status":"closed","ping_status":"closed","template":"","meta":{"_acf_changed":false,"_hide_from_nav_menu":false,"_show_duplicate_in_nav_menu_dropdown":false,"footnotes":""},"class_list":["post-1461","page","type-page","status-publish","has-post-thumbnail","hentry"],"yoast_head":"<!-- This site is optimized with the Yoast SEO plugin v23.6 - https:\/\/yoast.com\/wordpress\/plugins\/seo\/ -->\n<title>Ledige stillinger - Danish Template<\/title>\n<meta name=\"robots\" content=\"noindex, follow, max-snippet:-1, max-image-preview:large, max-video-preview:-1\" \/>\n<meta property=\"og:locale\" content=\"da_DK\" \/>\n<meta property=\"og:type\" content=\"article\" \/>\n<meta property=\"og:title\" content=\"Ledige stillinger - Danish Template\" \/>\n<meta property=\"og:description\" content=\"Vil du v\u00e6re en del af vores team? Vi er altid p\u00e5 udkig efter motiverede og talentfulde personer til at blive en del af vores team! Vi tilbyder et dynamisk arbejdsmilj\u00f8, hvor du kan udvikle dine f\u00e6rdigheder gennem teknisk tr\u00e6ning direkte hos Bosch.\" \/>\n<meta property=\"og:url\" content=\"https:\/\/admin.boschcarservice.dk\/danish\/om-os\/ledige-stillinger\/\" \/>\n<meta property=\"og:site_name\" content=\"Danish Template\" \/>\n<meta property=\"article:modified_time\" content=\"2023-08-25T13:51:34+00:00\" \/>\n<meta property=\"og:image\" content=\"https:\/\/admin.boschcarservice.dk\/danish\/wp-content\/uploads\/sites\/7\/2023\/08\/bcs-open-positions.jpg\" \/>\n\t<meta property=\"og:image:width\" content=\"1920\" \/>\n\t<meta property=\"og:image:height\" content=\"1080\" \/>\n\t<meta property=\"og:image:type\" content=\"image\/jpeg\" \/>\n<meta name=\"twitter:card\" content=\"summary_large_image\" \/>\n<meta name=\"twitter:label1\" content=\"Estimeret l\u00e6setid\" \/>\n\t<meta name=\"twitter:data1\" content=\"4 minutter\" \/>\n<script type=\"application\/ld+json\" class=\"yoast-schema-graph\">{\"@context\":\"https:\/\/schema.org\",\"@graph\":[{\"@type\":\"WebPage\",\"@id\":\"https:\/\/admin.boschcarservice.dk\/danish\/om-os\/ledige-stillinger\/\",\"url\":\"https:\/\/admin.boschcarservice.dk\/danish\/om-os\/ledige-stillinger\/\",\"name\":\"Ledige stillinger - Danish Template\",\"isPartOf\":{\"@id\":\"https:\/\/admin.boschcarservice.dk\/danish\/#website\"},\"primaryImageOfPage\":{\"@id\":\"https:\/\/admin.boschcarservice.dk\/danish\/om-os\/ledige-stillinger\/#primaryimage\"},\"image\":{\"@id\":\"https:\/\/admin.boschcarservice.dk\/danish\/om-os\/ledige-stillinger\/#primaryimage\"},\"thumbnailUrl\":\"https:\/\/admin.boschcarservice.dk\/danish\/wp-content\/uploads\/sites\/7\/2023\/08\/bcs-open-positions.jpg\",\"datePublished\":\"2023-03-20T12:57:46+00:00\",\"dateModified\":\"2023-08-25T13:51:34+00:00\",\"breadcrumb\":{\"@id\":\"https:\/\/admin.boschcarservice.dk\/danish\/om-os\/ledige-stillinger\/#breadcrumb\"},\"inLanguage\":\"da-DK\",\"potentialAction\":[{\"@type\":\"ReadAction\",\"target\":[\"https:\/\/admin.boschcarservice.dk\/danish\/om-os\/ledige-stillinger\/\"]}]},{\"@type\":\"ImageObject\",\"inLanguage\":\"da-DK\",\"@id\":\"https:\/\/admin.boschcarservice.dk\/danish\/om-os\/ledige-stillinger\/#primaryimage\",\"url\":\"https:\/\/admin.boschcarservice.dk\/danish\/wp-content\/uploads\/sites\/7\/2023\/08\/bcs-open-positions.jpg\",\"contentUrl\":\"https:\/\/admin.boschcarservice.dk\/danish\/wp-content\/uploads\/sites\/7\/2023\/08\/bcs-open-positions.jpg\",\"width\":1920,\"height\":1080},{\"@type\":\"BreadcrumbList\",\"@id\":\"https:\/\/admin.boschcarservice.dk\/danish\/om-os\/ledige-stillinger\/#breadcrumb\",\"itemListElement\":[{\"@type\":\"ListItem\",\"position\":1,\"name\":\"Home\",\"item\":\"https:\/\/admin.boschcarservice.dk\/danish\/\"},{\"@type\":\"ListItem\",\"position\":2,\"name\":\"Om os\",\"item\":\"https:\/\/admin.boschcarservice.dk\/danish\/om-os\/\"},{\"@type\":\"ListItem\",\"position\":3,\"name\":\"Ledige stillinger\"}]},{\"@type\":\"WebSite\",\"@id\":\"https:\/\/admin.boschcarservice.dk\/danish\/#website\",\"url\":\"https:\/\/admin.boschcarservice.dk\/danish\/\",\"name\":\"Danish Template\",\"description\":\"Bosch Car Service\",\"publisher\":{\"@id\":\"https:\/\/admin.boschcarservice.dk\/danish\/#organization\"},\"potentialAction\":[{\"@type\":\"SearchAction\",\"target\":{\"@type\":\"EntryPoint\",\"urlTemplate\":\"https:\/\/admin.boschcarservice.dk\/danish\/?s={search_term_string}\"},\"query-input\":{\"@type\":\"PropertyValueSpecification\",\"valueRequired\":true,\"valueName\":\"search_term_string\"}}],\"inLanguage\":\"da-DK\"},{\"@type\":\"Organization\",\"@id\":\"https:\/\/admin.boschcarservice.dk\/danish\/#organization\",\"name\":\"Danish Template\",\"url\":\"https:\/\/admin.boschcarservice.dk\/danish\/\",\"logo\":{\"@type\":\"ImageObject\",\"inLanguage\":\"da-DK\",\"@id\":\"https:\/\/admin.boschcarservice.dk\/danish\/#\/schema\/logo\/image\/\",\"url\":\"https:\/\/admin.boschcarservice.dk\/danish\/wp-content\/uploads\/sites\/7\/2023\/03\/bosch-car-service-logo.png\",\"contentUrl\":\"https:\/\/admin.boschcarservice.dk\/danish\/wp-content\/uploads\/sites\/7\/2023\/03\/bosch-car-service-logo.png\",\"width\":512,\"height\":512,\"caption\":\"Danish Template\"},\"image\":{\"@id\":\"https:\/\/admin.boschcarservice.dk\/danish\/#\/schema\/logo\/image\/\"}}]}<\/script>\n<!-- \/ Yoast SEO plugin. -->","yoast_head_json":{"title":"Ledige stillinger - Danish Template","robots":{"index":"noindex","follow":"follow","max-snippet":"max-snippet:-1","max-image-preview":"max-image-preview:large","max-video-preview":"max-video-preview:-1"},"og_locale":"da_DK","og_type":"article","og_title":"Ledige stillinger - Danish Template","og_description":"Vil du v\u00e6re en del af vores team? Vi er altid p\u00e5 udkig efter motiverede og talentfulde personer til at blive en del af vores team! Vi tilbyder et dynamisk arbejdsmilj\u00f8, hvor du kan udvikle dine f\u00e6rdigheder gennem teknisk tr\u00e6ning direkte hos Bosch.","og_url":"https:\/\/admin.boschcarservice.dk\/danish\/om-os\/ledige-stillinger\/","og_site_name":"Danish Template","article_modified_time":"2023-08-25T13:51:34+00:00","og_image":[{"width":1920,"height":1080,"url":"https:\/\/admin.boschcarservice.dk\/danish\/wp-content\/uploads\/sites\/7\/2023\/08\/bcs-open-positions.jpg","type":"image\/jpeg"}],"twitter_card":"summary_large_image","twitter_misc":{"Estimeret l\u00e6setid":"4 minutter"},"schema":{"@context":"https:\/\/schema.org","@graph":[{"@type":"WebPage","@id":"https:\/\/admin.boschcarservice.dk\/danish\/om-os\/ledige-stillinger\/","url":"https:\/\/admin.boschcarservice.dk\/danish\/om-os\/ledige-stillinger\/","name":"Ledige stillinger - Danish Template","isPartOf":{"@id":"https:\/\/admin.boschcarservice.dk\/danish\/#website"},"primaryImageOfPage":{"@id":"https:\/\/admin.boschcarservice.dk\/danish\/om-os\/ledige-stillinger\/#primaryimage"},"image":{"@id":"https:\/\/admin.boschcarservice.dk\/danish\/om-os\/ledige-stillinger\/#primaryimage"},"thumbnailUrl":"https:\/\/admin.boschcarservice.dk\/danish\/wp-content\/uploads\/sites\/7\/2023\/08\/bcs-open-positions.jpg","datePublished":"2023-03-20T12:57:46+00:00","dateModified":"2023-08-25T13:51:34+00:00","breadcrumb":{"@id":"https:\/\/admin.boschcarservice.dk\/danish\/om-os\/ledige-stillinger\/#breadcrumb"},"inLanguage":"da-DK","potentialAction":[{"@type":"ReadAction","target":["https:\/\/admin.boschcarservice.dk\/danish\/om-os\/ledige-stillinger\/"]}]},{"@type":"ImageObject","inLanguage":"da-DK","@id":"https:\/\/admin.boschcarservice.dk\/danish\/om-os\/ledige-stillinger\/#primaryimage","url":"https:\/\/admin.boschcarservice.dk\/danish\/wp-content\/uploads\/sites\/7\/2023\/08\/bcs-open-positions.jpg","contentUrl":"https:\/\/admin.boschcarservice.dk\/danish\/wp-content\/uploads\/sites\/7\/2023\/08\/bcs-open-positions.jpg","width":1920,"height":1080},{"@type":"BreadcrumbList","@id":"https:\/\/admin.boschcarservice.dk\/danish\/om-os\/ledige-stillinger\/#breadcrumb","itemListElement":[{"@type":"ListItem","position":1,"name":"Home","item":"https:\/\/admin.boschcarservice.dk\/danish\/"},{"@type":"ListItem","position":2,"name":"Om os","item":"https:\/\/admin.boschcarservice.dk\/danish\/om-os\/"},{"@type":"ListItem","position":3,"name":"Ledige stillinger"}]},{"@type":"WebSite","@id":"https:\/\/admin.boschcarservice.dk\/danish\/#website","url":"https:\/\/admin.boschcarservice.dk\/danish\/","name":"Danish Template","description":"Bosch Car Service","publisher":{"@id":"https:\/\/admin.boschcarservice.dk\/danish\/#organization"},"potentialAction":[{"@type":"SearchAction","target":{"@type":"EntryPoint","urlTemplate":"https:\/\/admin.boschcarservice.dk\/danish\/?s={search_term_string}"},"query-input":{"@type":"PropertyValueSpecification","valueRequired":true,"valueName":"search_term_string"}}],"inLanguage":"da-DK"},{"@type":"Organization","@id":"https:\/\/admin.boschcarservice.dk\/danish\/#organization","name":"Danish Template","url":"https:\/\/admin.boschcarservice.dk\/danish\/","logo":{"@type":"ImageObject","inLanguage":"da-DK","@id":"https:\/\/admin.boschcarservice.dk\/danish\/#\/schema\/logo\/image\/","url":"https:\/\/admin.boschcarservice.dk\/danish\/wp-content\/uploads\/sites\/7\/2023\/03\/bosch-car-service-logo.png","contentUrl":"https:\/\/admin.boschcarservice.dk\/danish\/wp-content\/uploads\/sites\/7\/2023\/03\/bosch-car-service-logo.png","width":512,"height":512,"caption":"Danish Template"},"image":{"@id":"https:\/\/admin.boschcarservice.dk\/danish\/#\/schema\/logo\/image\/"}}]}},"acf":[],"_links":{"self":[{"href":"https:\/\/admin.boschcarservice.dk\/danish\/wp-json\/wp\/v2\/pages\/1461","targetHints":{"allow":["GET"]}}],"collection":[{"href":"https:\/\/admin.boschcarservice.dk\/danish\/wp-json\/wp\/v2\/pages"}],"about":[{"href":"https:\/\/admin.boschcarservice.dk\/danish\/wp-json\/wp\/v2\/types\/page"}],"author":[{"embeddable":true,"href":"https:\/\/admin.boschcarservice.dk\/danish\/wp-json\/wp\/v2\/users\/1"}],"replies":[{"embeddable":true,"href":"https:\/\/admin.boschcarservice.dk\/danish\/wp-json\/wp\/v2\/comments?post=1461"}],"version-history":[{"count":4,"href":"https:\/\/admin.boschcarservice.dk\/danish\/wp-json\/wp\/v2\/pages\/1461\/revisions"}],"predecessor-version":[{"id":2476,"href":"https:\/\/admin.boschcarservice.dk\/danish\/wp-json\/wp\/v2\/pages\/1461\/revisions\/2476"}],"up":[{"embeddable":true,"href":"https:\/\/admin.boschcarservice.dk\/danish\/wp-json\/wp\/v2\/pages\/1438"}],"wp:featuredmedia":[{"embeddable":true,"href":"https:\/\/admin.boschcarservice.dk\/danish\/wp-json\/wp\/v2\/media\/2330"}],"wp:attachment":[{"href":"https:\/\/admin.boschcarservice.dk\/danish\/wp-json\/wp\/v2\/media?parent=1461"}],"curies":[{"name":"wp","href":"https:\/\/api.w.org\/{rel}","templated":true}]}}