{"id":1440,"date":"2023-03-20T13:47:09","date_gmt":"2023-03-20T12:47:09","guid":{"rendered":"https:\/\/admin.boschcarservice.dk\/danish\/?page_id=1440"},"modified":"2023-09-05T10:59:59","modified_gmt":"2023-09-05T08:59:59","slug":"kontakt-os","status":"publish","type":"page","link":"https:\/\/admin.boschcarservice.dk\/danish\/kontakt-os\/","title":{"rendered":"Kontakt os"},"content":{"rendered":"\n<div style=\"height:60px\" aria-hidden=\"true\" class=\"wp-block-spacer\"><\/div>\n\n\n\n<h1 class=\"wp-block-heading\">Kontakt os<\/h1>\n\n\n\n<div class=\"wp-block-columns is-layout-flex wp-container-core-columns-is-layout-1 wp-block-columns-is-layout-flex\">\n<div class=\"wp-block-column is-layout-flow wp-block-column-is-layout-flow\"><div class='fluentform ff-default fluentform_wrapper_5  ff_guten_block ffs_default_wrap'><form data-form_id=\"5\" id=\"fluentform_5\" class=\"frm-fluent-form fluent_form_5 ff-el-form-top ff_form_instance_5_1 ff-form-loading ff_has_v3_recptcha ffs_default\" data-form_instance=\"ff_form_instance_5_1\" method=\"POST\" data-recptcha_key=\"6Ld5QsQpAAAAABVev7c-sQTCRnwBYXXP8je2h3gU\" ><fieldset  style=\"border: none!important;margin: 0!important;padding: 0!important;background-color: transparent!important;box-shadow: none!important;outline: none!important; min-inline-size: 100%;\">\n                    <legend class=\"ff_screen_reader_title\" style=\"display: block; margin: 0!important;padding: 0!important;height: 0!important;text-indent: -999999px;width: 0!important;overflow:hidden;\">Contact Form<\/legend><input type='hidden' name='__fluent_form_embded_post_id' value='1440' \/><input type=\"hidden\" id=\"_fluentform_5_fluentformnonce\" name=\"_fluentform_5_fluentformnonce\" value=\"e5183a6ec9\" \/><input type=\"hidden\" name=\"_wp_http_referer\" value=\"\/danish\/wp-json\/wp\/v2\/pages\/1440\" \/><div class='ff-el-group'><div class=\"ff-el-input--label asterisk-right\"><label for='ff_5_dropdown' aria-label=\"Emne\">Emne<\/label><\/div><div class='ff-el-input--content'><select name=\"dropdown\" id=\"ff_5_dropdown\" class=\"ff-el-form-control\" data-name=\"dropdown\" data-calc_value=\"0\"  aria-invalid=\"false\" aria-required=false><option value=\"\">V\u00e6lg emne<\/option><option value=\"Tilbud\"  >Tilbud<\/option><option value=\"Job\"  >Job<\/option><option value=\"Andet\"  >Andet<\/option><\/select><\/div><\/div><div data-name=\"ff_cn_id_1\"  class='ff-t-container ff-column-container ff_columns_total_2  '><div class='ff-t-cell ff-t-column-1' style='flex-basis: 50%;'><div class='ff-el-group'><div class=\"ff-el-input--label ff-el-is-required asterisk-right\"><label for='ff_5_input_text_3' aria-label=\"Fornavn\">Fornavn<\/label><\/div><div class='ff-el-input--content'><input type=\"text\" name=\"input_text_3\" class=\"ff-el-form-control\" placeholder=\"Fornavn\" data-name=\"input_text_3\" id=\"ff_5_input_text_3\"  aria-invalid=\"false\" aria-required=true><\/div><\/div><\/div><div class='ff-t-cell ff-t-column-2' style='flex-basis: 50%;'><div class='ff-el-group'><div class=\"ff-el-input--label asterisk-right\"><label for='ff_5_input_text_4' aria-label=\"Efternavn\">Efternavn<\/label><\/div><div class='ff-el-input--content'><input type=\"text\" name=\"input_text_4\" class=\"ff-el-form-control\" placeholder=\"Efternavn\" data-name=\"input_text_4\" id=\"ff_5_input_text_4\"  aria-invalid=\"false\" aria-required=false><\/div><\/div><\/div><\/div><div data-name=\"ff_cn_id_2\"  class='ff-t-container ff-column-container ff_columns_total_2  '><div class='ff-t-cell ff-t-column-1' style='flex-basis: 50%;'><div class='ff-el-group'><div class=\"ff-el-input--label ff-el-is-required asterisk-right\"><label for='ff_5_email' aria-label=\"E-mail\">E-mail<\/label><\/div><div class='ff-el-input--content'><input type=\"email\" name=\"email\" id=\"ff_5_email\" class=\"ff-el-form-control\" placeholder=\"Email adresse\" data-name=\"email\"  aria-invalid=\"false\" aria-required=true><\/div><\/div><\/div><div class='ff-t-cell ff-t-column-2' style='flex-basis: 50%;'><div class='ff-el-group'><div class=\"ff-el-input--label asterisk-right\"><label for='ff_5_input_text' aria-label=\"Telefonnummer\">Telefonnummer<\/label><\/div><div class='ff-el-input--content'><input type=\"text\" name=\"input_text\" class=\"ff-el-form-control\" placeholder=\"Telefonnummer\" data-name=\"input_text\" id=\"ff_5_input_text\"  aria-invalid=\"false\" aria-required=false><\/div><\/div><\/div><\/div><div data-name=\"ff_cn_id_3\"  class='ff-t-container ff-column-container ff_columns_total_2  '><div class='ff-t-cell ff-t-column-1' style='flex-basis: 50%;'><div class='ff-el-group has-conditions'><div class=\"ff-el-input--label asterisk-right\"><label for='ff_5_input_text_1' aria-label=\"Registreringsnummer\">Registreringsnummer<\/label><\/div><div class='ff-el-input--content'><input type=\"text\" name=\"input_text_1\" class=\"ff-el-form-control\" placeholder=\"Registreringsnummer\" data-name=\"input_text_1\" id=\"ff_5_input_text_1\"  aria-invalid=\"false\" aria-required=false><\/div><\/div><\/div><div class='ff-t-cell ff-t-column-2' style='flex-basis: 50%;'><div class='ff-el-group has-conditions'><div class=\"ff-el-input--label asterisk-right\"><label for='ff_5_input_text_2' aria-label=\"Kilometerstand\">Kilometerstand<\/label><\/div><div class='ff-el-input--content'><input type=\"text\" name=\"input_text_2\" class=\"ff-el-form-control\" placeholder=\"Kilometerstand\" data-name=\"input_text_2\" id=\"ff_5_input_text_2\"  aria-invalid=\"false\" aria-required=false><\/div><\/div><\/div><\/div><div class='ff-el-group'><div class=\"ff-el-input--label ff-el-is-required asterisk-right\"><label for='ff_5_message' aria-label=\"Din besked\">Din besked<\/label><\/div><div class='ff-el-input--content'><textarea aria-invalid=\"false\" aria-required=true name=\"message\" id=\"ff_5_message\" class=\"ff-el-form-control\" placeholder=\"Skriv din besked her\" rows=\"4\" cols=\"2\" data-name=\"message\" ><\/textarea><\/div><\/div><div class='ff-el-group ff-text-right ff_submit_btn_wrapper'><button type=\"submit\" class=\"ff-btn ff-btn-submit ff-btn-md ff_btn_style\" >Send<\/button><\/div><\/fieldset><\/form><div id='fluentform_5_errors' class='ff-errors-in-stack ff_form_instance_5_1 ff-form-loading_errors ff_form_instance_5_1_errors'><\/div><\/div>        <script type=\"text\/javascript\">\n            window.fluent_form_ff_form_instance_5_1 = {\"id\":\"5\",\"settings\":{\"layout\":{\"labelPlacement\":\"top\",\"helpMessagePlacement\":\"with_label\",\"errorMessagePlacement\":\"inline\",\"cssClassName\":\"\",\"asteriskPlacement\":\"asterisk-right\"},\"restrictions\":{\"denyEmptySubmission\":{\"enabled\":false}}},\"form_instance\":\"ff_form_instance_5_1\",\"form_id_selector\":\"fluentform_5\",\"rules\":{\"dropdown\":{\"required\":{\"value\":false,\"message\":\"This field is required\"}},\"input_text_3\":{\"required\":{\"value\":true,\"message\":\"Dette felt er p\\u00e5kr\\u00e6vet\"}},\"input_text_4\":{\"required\":{\"value\":false,\"message\":\"This field is required\"}},\"email\":{\"required\":{\"value\":true,\"message\":\"Dette felt er p\\u00e5kr\\u00e6vet\"},\"email\":{\"value\":true,\"message\":\"Dette felt skal indeholde en gyldig e-mail\"}},\"input_text\":{\"required\":{\"value\":false,\"message\":\"This field is required\"}},\"input_text_1\":{\"required\":{\"value\":false,\"message\":\"This field is required\"}},\"input_text_2\":{\"required\":{\"value\":false,\"message\":\"This field is required\"}},\"message\":{\"required\":{\"value\":true,\"message\":\"Dette felt er p\\u00e5kr\\u00e6vet\"}}},\"debounce_time\":300,\"conditionals\":{\"input_text_1\":{\"type\":\"any\",\"status\":true,\"conditions\":[{\"field\":\"dropdown\",\"value\":\"Tilbud\",\"operator\":\"=\"}]},\"input_text_2\":{\"type\":\"any\",\"status\":true,\"conditions\":[{\"field\":\"dropdown\",\"value\":\"Tilbud\",\"operator\":\"=\"}]}}};\n                    <\/script>\n        <\/div>\n\n\n\n<div class=\"wp-block-column is-layout-flow wp-block-column-is-layout-flow\">\n<h4 class=\"wp-block-heading\">Har du et sp\u00f8rgsm\u00e5l?<\/h4>\n\n\n\n<h3 class=\"wp-block-heading\" style=\"margin-top:var(--wp--preset--spacing--5)\">Vi hj\u00e6lper gerne<\/h3>\n\n\n\n<div class=\"wp-block-hoyry-person\"><person-block><person-image><img decoding=\"async\" src=\"https:\/\/admin.boschcarservice.dk\/danish\/wp-content\/uploads\/sites\/7\/2023\/03\/bosch-car-service-people-image-001-888x1024.jpg\"\/><\/person-image><person-content><person-name><h3>Medarbejdernavn<\/h3><\/person-name><person-title><p>Jobtitel<\/p><\/person-title><person-contact-info><person-email><p>name@workshop.com<\/p><\/person-email><person-phone><p>010 123 4567<\/p><\/person-phone><\/person-contact-info><\/person-content><\/person-block><\/div>\n<\/div>\n<\/div>\n\n\n\n<div style=\"height:60px\" aria-hidden=\"true\" class=\"wp-block-spacer\"><\/div>\n\n\n\t\t<div class=\"wp-block-hoyry-bosch-contact-info-map\">\n\t\t\t<contact-info-map-block>\n\t\t\t\t\n\t\t\t\t<map-content>\n\t\t\t\t\t<address-title><h2>S\u00e5dan finder du os<\/h2><\/address-title>\t\t\t\t\t\t\t\t\t\t\t<map-content-address>Gadeadresse 123<br \/>\r\nPostnummer \u2013 Land<\/map-content-address>\n\t\t\t\t\t\t\t\t\t\t\t\t\t\t\t\t<map-content-directions><a href=\"https:\/\/www.google.com\/maps\/dir\/\/Hampuri,+Saksa\/@53.5586622,9.7626746,11z\/data=!4m9!4m8!1m0!1m5!1m1!1s0x47b161837e1813b9:0x4263df27bd63aa0!2m2!1d9.9871703!2d53.5488282!3e0\" target=\"_blank\" rel=\"noopener\">Vis vejledning<\/a><\/map-content-directions>\n\t\t\t\t\t\t\t\t\t\t\t\t\t\t\t\t<map-content-phone><a href=\"tel:0101234567\">010 123 4567<\/a><\/map-content-phone>\n\t\t\t\t\t\t\t\t\t<\/map-content>\n\t\t\t\t\n\t\t\t\t\t\t\t\t\t<map-map>\n\t\t\t\t\t\t<div class=\"contact-info-map\" id=\"contact-info-map-1\"><\/div>\n\t\t\t\t\t<\/map-map>\n\t\t\t\t\t<script>\n\t\t\t\t\t\t(() => {\n\t\t\t\t\t\t\tmapboxgl.accessToken = 'pk.eyJ1IjoiaG95cnkiLCJhIjoiY2lndGd3em05MDBkd3Zna2xxdGoyMm5ybCJ9.3TXU6Wmm4bFchwj_KLAyRQ';\n\t\t\t\t\t\t\tlet map = new mapboxgl.Map({\n\t\t\t\t\t\t\t\tcontainer: 'contact-info-map-1',\n\t\t\t\t\t\t\t\tstyle: 'mapbox:\/\/styles\/mapbox\/streets-v12',\n\t\t\t\t\t\t\t\tcenter: [10.0462968058278, 55.9633978748347],\n\t\t\t\t\t\t\t\tzoom: 9,\n\t\t\t\t\t\t\t\tmaxZoom: 18\n\t\t\t\t\t\t\t});\n\t\t\t\t\t\t\tmap.addControl(new mapboxgl.NavigationControl());\n\t\t\t\t\t\t\tlet popup = new mapboxgl.Popup({\n\t\t\t\t\t\t\t\toffset: {\n\t\t\t\t\t\t\t\t\t'top': [0, 25],\n\t\t\t\t\t\t\t\t\t'top-left': [0, 25],\n\t\t\t\t\t\t\t\t\t'top-right': [0, 25],\n\t\t\t\t\t\t\t\t\t'bottom': [0, -80],\n\t\t\t\t\t\t\t\t\t'bottom-left': [0, -80],\n\t\t\t\t\t\t\t\t\t'bottom-right': [0, -80],\n\t\t\t\t\t\t\t\t\t'left': [25, 0],\n\t\t\t\t\t\t\t\t\t'right': [-25, 0]\n\t\t\t\t\t\t\t\t}\n\t\t\t\t\t\t\t}).setHTML(\n\t\t\t\t\t\t\t\t'<marker-popup-content><marker-popup-title><h4>Workshop name<\/h4><\/marker-popup-title><marker-popup-address>Gadeadresse 123<br \/> Postnummer \u2013 Land<\/marker-popup-address><\/marker-popup-content>'\n\t\t\t\t\t\t\t);\n\t\t\t\t\t\t\tlet marker = new mapboxgl.Marker({ color: '#2e6ca8', scale: 1.8 })\n\t\t\t\t\t\t\t\t.setLngLat([10.0462968058278, 55.9633978748347])\n\t\t\t\t\t\t\t\t.addTo(map)\n\t\t\t\t\t\t\t\t.setPopup(popup)\n\t\t\t\t\t\t\t\t.togglePopup();\n\t\t\t\t\t\t})();\n\t\t\t\t\t<\/script>\n\t\t\t\t\t\t\t\t\n\t\t\t<\/contact-info-map-block>\n\t\t<\/div>\n\t\t\n\n\n<div class=\"wp-block-group alignfull has-dark-blue-background-color has-background has-global-padding is-layout-constrained wp-container-core-group-is-layout-2 wp-block-group-is-layout-constrained\" style=\"margin-top:var(--wp--preset--spacing--100);padding-top:var(--wp--preset--spacing--140);padding-right:var(--wp--preset--spacing--20-100);padding-bottom:var(--wp--preset--spacing--140);padding-left:var(--wp--preset--spacing--20-100)\">\n<div class=\"wp-block-group has-global-padding is-layout-constrained wp-container-core-group-is-layout-1 wp-block-group-is-layout-constrained\">\n<h2 class=\"wp-block-heading has-text-align-center has-white-color has-text-color\">F\u00f8lg os p\u00e5 Facebook for at l\u00e6re mere om os!<\/h2>\n\n\n\n<div class=\"wp-block-buttons is-content-justification-center is-layout-flex wp-container-core-buttons-is-layout-1 wp-block-buttons-is-layout-flex\">\n<div class=\"wp-block-button\"><a class=\"wp-block-button__link wp-element-button\" href=\"https:\/\/www.facebook.com\/BoschCarServiceSuomi\/\">Klik her<\/a><\/div>\n<\/div>\n<\/div>\n<\/div>\n","protected":false},"excerpt":{"rendered":"<p>Kontakt os Har du et sp\u00f8rgsm\u00e5l? Vi hj\u00e6lper gerne F\u00f8lg os p\u00e5 Facebook for at l\u00e6re mere om os!<\/p>\n","protected":false},"author":1,"featured_media":0,"parent":0,"menu_order":6,"comment_status":"closed","ping_status":"closed","template":"","meta":{"_acf_changed":false,"_hide_from_nav_menu":false,"_show_duplicate_in_nav_menu_dropdown":false,"footnotes":""},"class_list":["post-1440","page","type-page","status-publish","hentry"],"yoast_head":"<!-- This site is optimized with the Yoast SEO plugin v23.6 - https:\/\/yoast.com\/wordpress\/plugins\/seo\/ -->\n<title>Kontakt os - Danish Template<\/title>\n<meta name=\"robots\" content=\"noindex, follow, max-snippet:-1, max-image-preview:large, max-video-preview:-1\" \/>\n<meta property=\"og:locale\" content=\"da_DK\" \/>\n<meta property=\"og:type\" content=\"article\" \/>\n<meta property=\"og:title\" content=\"Kontakt os - Danish Template\" \/>\n<meta property=\"og:description\" content=\"Kontakt os Har du et sp\u00f8rgsm\u00e5l? Vi hj\u00e6lper gerne F\u00f8lg os p\u00e5 Facebook for at l\u00e6re mere om os!\" \/>\n<meta property=\"og:url\" content=\"https:\/\/admin.boschcarservice.dk\/danish\/kontakt-os\/\" \/>\n<meta property=\"og:site_name\" content=\"Danish Template\" \/>\n<meta property=\"article:modified_time\" content=\"2023-09-05T08:59:59+00:00\" \/>\n<meta property=\"og:image\" content=\"https:\/\/admin.boschcarservice.dk\/danish\/wp-content\/uploads\/sites\/7\/2023\/03\/bosch-car-service-people-image-001-888x1024.jpg\" \/>\n<meta name=\"twitter:card\" content=\"summary_large_image\" \/>\n<script type=\"application\/ld+json\" class=\"yoast-schema-graph\">{\"@context\":\"https:\/\/schema.org\",\"@graph\":[{\"@type\":\"WebPage\",\"@id\":\"https:\/\/admin.boschcarservice.dk\/danish\/kontakt-os\/\",\"url\":\"https:\/\/admin.boschcarservice.dk\/danish\/kontakt-os\/\",\"name\":\"Kontakt os - Danish Template\",\"isPartOf\":{\"@id\":\"https:\/\/admin.boschcarservice.dk\/danish\/#website\"},\"primaryImageOfPage\":{\"@id\":\"https:\/\/admin.boschcarservice.dk\/danish\/kontakt-os\/#primaryimage\"},\"image\":{\"@id\":\"https:\/\/admin.boschcarservice.dk\/danish\/kontakt-os\/#primaryimage\"},\"thumbnailUrl\":\"https:\/\/admin.boschcarservice.dk\/danish\/wp-content\/uploads\/sites\/7\/2023\/03\/bosch-car-service-people-image-001-888x1024.jpg\",\"datePublished\":\"2023-03-20T12:47:09+00:00\",\"dateModified\":\"2023-09-05T08:59:59+00:00\",\"breadcrumb\":{\"@id\":\"https:\/\/admin.boschcarservice.dk\/danish\/kontakt-os\/#breadcrumb\"},\"inLanguage\":\"da-DK\",\"potentialAction\":[{\"@type\":\"ReadAction\",\"target\":[\"https:\/\/admin.boschcarservice.dk\/danish\/kontakt-os\/\"]}]},{\"@type\":\"ImageObject\",\"inLanguage\":\"da-DK\",\"@id\":\"https:\/\/admin.boschcarservice.dk\/danish\/kontakt-os\/#primaryimage\",\"url\":\"https:\/\/admin.boschcarservice.dk\/danish\/wp-content\/uploads\/sites\/7\/2023\/03\/bosch-car-service-people-image-001.jpg\",\"contentUrl\":\"https:\/\/admin.boschcarservice.dk\/danish\/wp-content\/uploads\/sites\/7\/2023\/03\/bosch-car-service-people-image-001.jpg\",\"width\":1800,\"height\":2076},{\"@type\":\"BreadcrumbList\",\"@id\":\"https:\/\/admin.boschcarservice.dk\/danish\/kontakt-os\/#breadcrumb\",\"itemListElement\":[{\"@type\":\"ListItem\",\"position\":1,\"name\":\"Home\",\"item\":\"https:\/\/admin.boschcarservice.dk\/danish\/\"},{\"@type\":\"ListItem\",\"position\":2,\"name\":\"Kontakt os\"}]},{\"@type\":\"WebSite\",\"@id\":\"https:\/\/admin.boschcarservice.dk\/danish\/#website\",\"url\":\"https:\/\/admin.boschcarservice.dk\/danish\/\",\"name\":\"Danish Template\",\"description\":\"Bosch Car Service\",\"publisher\":{\"@id\":\"https:\/\/admin.boschcarservice.dk\/danish\/#organization\"},\"potentialAction\":[{\"@type\":\"SearchAction\",\"target\":{\"@type\":\"EntryPoint\",\"urlTemplate\":\"https:\/\/admin.boschcarservice.dk\/danish\/?s={search_term_string}\"},\"query-input\":{\"@type\":\"PropertyValueSpecification\",\"valueRequired\":true,\"valueName\":\"search_term_string\"}}],\"inLanguage\":\"da-DK\"},{\"@type\":\"Organization\",\"@id\":\"https:\/\/admin.boschcarservice.dk\/danish\/#organization\",\"name\":\"Danish Template\",\"url\":\"https:\/\/admin.boschcarservice.dk\/danish\/\",\"logo\":{\"@type\":\"ImageObject\",\"inLanguage\":\"da-DK\",\"@id\":\"https:\/\/admin.boschcarservice.dk\/danish\/#\/schema\/logo\/image\/\",\"url\":\"https:\/\/admin.boschcarservice.dk\/danish\/wp-content\/uploads\/sites\/7\/2023\/03\/bosch-car-service-logo.png\",\"contentUrl\":\"https:\/\/admin.boschcarservice.dk\/danish\/wp-content\/uploads\/sites\/7\/2023\/03\/bosch-car-service-logo.png\",\"width\":512,\"height\":512,\"caption\":\"Danish Template\"},\"image\":{\"@id\":\"https:\/\/admin.boschcarservice.dk\/danish\/#\/schema\/logo\/image\/\"}}]}<\/script>\n<!-- \/ Yoast SEO plugin. -->","yoast_head_json":{"title":"Kontakt os - Danish Template","robots":{"index":"noindex","follow":"follow","max-snippet":"max-snippet:-1","max-image-preview":"max-image-preview:large","max-video-preview":"max-video-preview:-1"},"og_locale":"da_DK","og_type":"article","og_title":"Kontakt os - Danish Template","og_description":"Kontakt os Har du et sp\u00f8rgsm\u00e5l? Vi hj\u00e6lper gerne F\u00f8lg os p\u00e5 Facebook for at l\u00e6re mere om os!","og_url":"https:\/\/admin.boschcarservice.dk\/danish\/kontakt-os\/","og_site_name":"Danish Template","article_modified_time":"2023-09-05T08:59:59+00:00","og_image":[{"url":"https:\/\/admin.boschcarservice.dk\/danish\/wp-content\/uploads\/sites\/7\/2023\/03\/bosch-car-service-people-image-001-888x1024.jpg"}],"twitter_card":"summary_large_image","schema":{"@context":"https:\/\/schema.org","@graph":[{"@type":"WebPage","@id":"https:\/\/admin.boschcarservice.dk\/danish\/kontakt-os\/","url":"https:\/\/admin.boschcarservice.dk\/danish\/kontakt-os\/","name":"Kontakt os - Danish Template","isPartOf":{"@id":"https:\/\/admin.boschcarservice.dk\/danish\/#website"},"primaryImageOfPage":{"@id":"https:\/\/admin.boschcarservice.dk\/danish\/kontakt-os\/#primaryimage"},"image":{"@id":"https:\/\/admin.boschcarservice.dk\/danish\/kontakt-os\/#primaryimage"},"thumbnailUrl":"https:\/\/admin.boschcarservice.dk\/danish\/wp-content\/uploads\/sites\/7\/2023\/03\/bosch-car-service-people-image-001-888x1024.jpg","datePublished":"2023-03-20T12:47:09+00:00","dateModified":"2023-09-05T08:59:59+00:00","breadcrumb":{"@id":"https:\/\/admin.boschcarservice.dk\/danish\/kontakt-os\/#breadcrumb"},"inLanguage":"da-DK","potentialAction":[{"@type":"ReadAction","target":["https:\/\/admin.boschcarservice.dk\/danish\/kontakt-os\/"]}]},{"@type":"ImageObject","inLanguage":"da-DK","@id":"https:\/\/admin.boschcarservice.dk\/danish\/kontakt-os\/#primaryimage","url":"https:\/\/admin.boschcarservice.dk\/danish\/wp-content\/uploads\/sites\/7\/2023\/03\/bosch-car-service-people-image-001.jpg","contentUrl":"https:\/\/admin.boschcarservice.dk\/danish\/wp-content\/uploads\/sites\/7\/2023\/03\/bosch-car-service-people-image-001.jpg","width":1800,"height":2076},{"@type":"BreadcrumbList","@id":"https:\/\/admin.boschcarservice.dk\/danish\/kontakt-os\/#breadcrumb","itemListElement":[{"@type":"ListItem","position":1,"name":"Home","item":"https:\/\/admin.boschcarservice.dk\/danish\/"},{"@type":"ListItem","position":2,"name":"Kontakt os"}]},{"@type":"WebSite","@id":"https:\/\/admin.boschcarservice.dk\/danish\/#website","url":"https:\/\/admin.boschcarservice.dk\/danish\/","name":"Danish Template","description":"Bosch Car Service","publisher":{"@id":"https:\/\/admin.boschcarservice.dk\/danish\/#organization"},"potentialAction":[{"@type":"SearchAction","target":{"@type":"EntryPoint","urlTemplate":"https:\/\/admin.boschcarservice.dk\/danish\/?s={search_term_string}"},"query-input":{"@type":"PropertyValueSpecification","valueRequired":true,"valueName":"search_term_string"}}],"inLanguage":"da-DK"},{"@type":"Organization","@id":"https:\/\/admin.boschcarservice.dk\/danish\/#organization","name":"Danish Template","url":"https:\/\/admin.boschcarservice.dk\/danish\/","logo":{"@type":"ImageObject","inLanguage":"da-DK","@id":"https:\/\/admin.boschcarservice.dk\/danish\/#\/schema\/logo\/image\/","url":"https:\/\/admin.boschcarservice.dk\/danish\/wp-content\/uploads\/sites\/7\/2023\/03\/bosch-car-service-logo.png","contentUrl":"https:\/\/admin.boschcarservice.dk\/danish\/wp-content\/uploads\/sites\/7\/2023\/03\/bosch-car-service-logo.png","width":512,"height":512,"caption":"Danish Template"},"image":{"@id":"https:\/\/admin.boschcarservice.dk\/danish\/#\/schema\/logo\/image\/"}}]}},"acf":[],"_links":{"self":[{"href":"https:\/\/admin.boschcarservice.dk\/danish\/wp-json\/wp\/v2\/pages\/1440","targetHints":{"allow":["GET"]}}],"collection":[{"href":"https:\/\/admin.boschcarservice.dk\/danish\/wp-json\/wp\/v2\/pages"}],"about":[{"href":"https:\/\/admin.boschcarservice.dk\/danish\/wp-json\/wp\/v2\/types\/page"}],"author":[{"embeddable":true,"href":"https:\/\/admin.boschcarservice.dk\/danish\/wp-json\/wp\/v2\/users\/1"}],"replies":[{"embeddable":true,"href":"https:\/\/admin.boschcarservice.dk\/danish\/wp-json\/wp\/v2\/comments?post=1440"}],"version-history":[{"count":5,"href":"https:\/\/admin.boschcarservice.dk\/danish\/wp-json\/wp\/v2\/pages\/1440\/revisions"}],"predecessor-version":[{"id":2503,"href":"https:\/\/admin.boschcarservice.dk\/danish\/wp-json\/wp\/v2\/pages\/1440\/revisions\/2503"}],"wp:attachment":[{"href":"https:\/\/admin.boschcarservice.dk\/danish\/wp-json\/wp\/v2\/media?parent=1440"}],"curies":[{"name":"wp","href":"https:\/\/api.w.org\/{rel}","templated":true}]}}