{"id":1436,"date":"2023-03-20T13:46:51","date_gmt":"2023-03-20T12:46:51","guid":{"rendered":"https:\/\/admin.boschcarservice.dk\/danish\/?page_id=1436"},"modified":"2024-06-28T15:18:48","modified_gmt":"2024-06-28T13:18:48","slug":"tilbud","status":"publish","type":"page","link":"https:\/\/admin.boschcarservice.dk\/danish\/tilbud\/","title":{"rendered":"Tilbud"},"content":{"rendered":"\n<div class=\"wp-block-group alignfull has-light-grey-background-color has-background has-global-padding is-layout-constrained wp-container-core-group-is-layout-1 wp-block-group-is-layout-constrained\" style=\"padding-top:var(--wp--preset--spacing--80);padding-right:var(--wp--preset--spacing--20-100);padding-bottom:var(--wp--preset--spacing--80);padding-left:var(--wp--preset--spacing--20-100)\">\n<h2 class=\"wp-block-heading\">Offers<\/h2>\n\n\n\t\t<div class=\"wp-block-hoyry-bosch-slider\">\n\t\t\t<div class=\"keen-slider frontend\">\n\t\t\t\t\t\t\t\t<div class=\"keen-slider__slide\"><div class=\"wp-block-hoyry-bosch-slide\" id=\"block-16b538c7-cee5-4be5-bc3b-5b3abdfeb974\"><div class=\"slide-bg\" style=\"--hoyry-slide-bg-full:url(https:\/\/admin.boschcarservice.dk\/danish\/wp-content\/uploads\/sites\/7\/2024\/06\/5ac-service-campaign1072x447dkversion-2.jpg);--hoyry-slide-focal-x-full:100%;--hoyry-slide-focal-y-full:50%;--hoyry-slide-focal-x-tablet:50%;--hoyry-slide-focal-y-tablet:50%;--hoyry-slide-focal-x-mobile:50%;--hoyry-slide-focal-y-mobile:50%;--hoyry-slide-bg-medium:url(https:\/\/admin.boschcarservice.dk\/danish\/wp-content\/uploads\/sites\/7\/2024\/06\/5ac-service-campaign1072x447dkversion-2-1024x427.jpg)\"><\/div><div class=\"slide-content-container\"><div class=\"slide-content-area\">\n<p class=\"has-text-align-left has-large-font-size\" style=\"margin-bottom:var(--wp--preset--spacing--20);line-height:1.1\"><strong>F\u00e5 serviceret dit klimaanl\u00e6g for kr. 599,- og slip for varmen!\u00a0<\/strong><\/p>\n\n\n\n<p class=\"has-h-6-small-font-size\" style=\"margin-top:var(--wp--preset--spacing--20);margin-bottom:var(--wp--preset--spacing--30)\">Vil du ogs\u00e5 gerne undg\u00e5 at svede hele sommeren? Med et service af din bils klimaanl\u00e6g s\u00f8rger vi udover temperaturkontrol for at bakterier, pollen og d\u00e5rligt lugt filtreres &#8211; s\u00e5 kan du nyde sommeren med k\u00f8lig og frisk luft. Kampagnepris kr. 599,- g\u00e6lder frem til d. 31. august.<\/p>\n\n\n\n<div class=\"wp-block-buttons is-layout-flex wp-block-buttons-is-layout-flex\">\n<div class=\"wp-block-button has-custom-width wp-block-button__width-100\"><a class=\"wp-block-button__link wp-element-button\" href=\"https:\/\/admin.boschcarservice.dk\/danish\/online-booking\/\">Book airconditionservice nu!<\/a><\/div>\n<\/div>\n<\/div><\/div><\/div><\/div>\t\t\t<\/div>\n\t\t<\/div>\n\t\t\n\n\t\t\n\t\t<div class=\"wp-block-offer__list columns-1 is-style-hoyry-bosch-offer-list-mosaic wp-block-hoyry-bosch-offer-list\">\n\t\t\t<div class=\"items\">\n\t\t\t\t\t\t\t<a href=\"https:\/\/admin.boschcarservice.dk\/danish\/offer\/kvalitetsstyring\/\" rel=\"noreferrer noopener\" class=\"item\">\n\t\t\t\t<div class=\"image\">\n\t\t\t\t\t<img loading=\"lazy\" decoding=\"async\" width=\"1024\" height=\"699\" src=\"https:\/\/admin.boschcarservice.dk\/danish\/wp-content\/uploads\/sites\/7\/2023\/09\/qualitybcs.jpg\" class=\"attachment-large size-large wp-post-image\" alt=\"\" style=\"\" srcset=\"https:\/\/admin.boschcarservice.dk\/danish\/wp-content\/uploads\/sites\/7\/2023\/09\/qualitybcs.jpg 1024w, https:\/\/admin.boschcarservice.dk\/danish\/wp-content\/uploads\/sites\/7\/2023\/09\/qualitybcs-300x205.jpg 300w, https:\/\/admin.boschcarservice.dk\/danish\/wp-content\/uploads\/sites\/7\/2023\/09\/qualitybcs-768x524.jpg 768w\" sizes=\"auto, (max-width: 1024px) 100vw, 1024px\" \/>\t\t\t\t<\/div>\n\t\t\t\t\t\t\t\t\t<div class=\"meta\">\n\t\t\t\t\t\t\t\t\t\t\t\t\t\t\t\t\t\t\t<div class=\"categories\">\n\t\t\t\t\t\t\t\tTilbud\t\t\t\t\t\t\t<\/div>\n\t\t\t\t\t\t\t\t\t\t\t<\/div>\n\t\t\t\t\t\t\t\t<div class=\"content\">\n\t\t\t\t\t<h3 class=\"title\">Kvalitetsstyring<\/h3>\n\t\t\t\t\t<div class=\"excerpt\">\n\t\t\t\t\t\tVi \u00f8nsker at sikre, at du som kunde har den bedst mulige oplevelse. Som en del af Bosch Car Service-netv\u00e6rket betyder det, at eksterne eksperter regelm\u00e6ssigt overv\u00e5ger vores kvalitetsstandarder og procedurer.\t\t\t\t\t<\/div>\n\t\t\t\t\t<div class=\"link\">\n\t\t\t\t\t\tL\u00e6r mere\t\t\t\t\t<\/div>\n\t\t\t\t<\/div>\n\t\t\t<\/a>\n\t\t\t\t\t\t<a href=\"https:\/\/admin.boschcarservice.dk\/danish\/offer\/fleksibel-betaling-med-et-bosch-car-service-kort\/\" rel=\"noreferrer noopener\" class=\"item\">\n\t\t\t\t<div class=\"image\">\n\t\t\t\t\t<img loading=\"lazy\" decoding=\"async\" width=\"1024\" height=\"576\" src=\"https:\/\/admin.boschcarservice.dk\/danish\/wp-content\/uploads\/sites\/7\/2023\/05\/bosch-car-service-card-001-1024x576.jpg\" class=\"attachment-large size-large wp-post-image\" alt=\"\" style=\"\" srcset=\"https:\/\/admin.boschcarservice.dk\/danish\/wp-content\/uploads\/sites\/7\/2023\/05\/bosch-car-service-card-001-1024x576.jpg 1024w, https:\/\/admin.boschcarservice.dk\/danish\/wp-content\/uploads\/sites\/7\/2023\/05\/bosch-car-service-card-001-300x169.jpg 300w, https:\/\/admin.boschcarservice.dk\/danish\/wp-content\/uploads\/sites\/7\/2023\/05\/bosch-car-service-card-001-768x432.jpg 768w, https:\/\/admin.boschcarservice.dk\/danish\/wp-content\/uploads\/sites\/7\/2023\/05\/bosch-car-service-card-001-1536x864.jpg 1536w, https:\/\/admin.boschcarservice.dk\/danish\/wp-content\/uploads\/sites\/7\/2023\/05\/bosch-car-service-card-001.jpg 1920w\" sizes=\"auto, (max-width: 1024px) 100vw, 1024px\" \/>\t\t\t\t<\/div>\n\t\t\t\t\t\t\t\t\t<div class=\"meta\">\n\t\t\t\t\t\t\t\t\t\t\t\t\t\t\t\t\t\t\t<div class=\"categories\">\n\t\t\t\t\t\t\t\tTilbud\t\t\t\t\t\t\t<\/div>\n\t\t\t\t\t\t\t\t\t\t\t<\/div>\n\t\t\t\t\t\t\t\t<div class=\"content\">\n\t\t\t\t\t<h3 class=\"title\">Fleksibel betaling med et Bosch Car Service-kort<\/h3>\n\t\t\t\t\t<div class=\"excerpt\">\n\t\t\t\t\t\tMed vores egen betalingskort, Bosch Car Service-kortet, bestemmer du selv, hvordan du \u00f8nsker at betale for dit v\u00e6rkstedsbes\u00f8g.\t\t\t\t\t<\/div>\n\t\t\t\t\t<div class=\"link\">\n\t\t\t\t\t\tL\u00e6r mere\t\t\t\t\t<\/div>\n\t\t\t\t<\/div>\n\t\t\t<\/a>\n\t\t\t\t\t\t<a href=\"https:\/\/admin.boschcarservice.dk\/danish\/offer\/book-dit-naeste-besog-hos-os-online\/\" rel=\"noreferrer noopener\" class=\"item\">\n\t\t\t\t<div class=\"image\">\n\t\t\t\t\t<img loading=\"lazy\" decoding=\"async\" width=\"1024\" height=\"576\" src=\"https:\/\/admin.boschcarservice.dk\/danish\/wp-content\/uploads\/sites\/7\/2023\/05\/mybcs-woman-booking-1024x576.jpg\" class=\"attachment-large size-large wp-post-image\" alt=\"\" style=\"\" srcset=\"https:\/\/admin.boschcarservice.dk\/danish\/wp-content\/uploads\/sites\/7\/2023\/05\/mybcs-woman-booking-1024x576.jpg 1024w, https:\/\/admin.boschcarservice.dk\/danish\/wp-content\/uploads\/sites\/7\/2023\/05\/mybcs-woman-booking-300x169.jpg 300w, https:\/\/admin.boschcarservice.dk\/danish\/wp-content\/uploads\/sites\/7\/2023\/05\/mybcs-woman-booking-768x432.jpg 768w, https:\/\/admin.boschcarservice.dk\/danish\/wp-content\/uploads\/sites\/7\/2023\/05\/mybcs-woman-booking-1536x864.jpg 1536w, https:\/\/admin.boschcarservice.dk\/danish\/wp-content\/uploads\/sites\/7\/2023\/05\/mybcs-woman-booking.jpg 1920w\" sizes=\"auto, (max-width: 1024px) 100vw, 1024px\" \/>\t\t\t\t<\/div>\n\t\t\t\t\t\t\t\t\t<div class=\"meta\">\n\t\t\t\t\t\t\t\t\t\t\t\t\t\t\t\t\t\t\t<div class=\"categories\">\n\t\t\t\t\t\t\t\tTilbud\t\t\t\t\t\t\t<\/div>\n\t\t\t\t\t\t\t\t\t\t\t<\/div>\n\t\t\t\t\t\t\t\t<div class=\"content\">\n\t\t\t\t\t<h3 class=\"title\">Book dit n\u00e6ste bes\u00f8g hos os online!<\/h3>\n\t\t\t\t\t<div class=\"excerpt\">\n\t\t\t\t\t\tVi ved, at 52% af dine bookinger foretages uden for \u00e5bningstiden. Hos os kan du nemt og hurtigt booke dit n\u00e6ste v\u00e6rkstedsbes\u00f8g online, n\u00e5r det passer dig. Du f\u00e5r \u00f8jeblikkeligt besked om prisen.\t\t\t\t\t<\/div>\n\t\t\t\t\t<div class=\"link\">\n\t\t\t\t\t\tL\u00e6r mere\t\t\t\t\t<\/div>\n\t\t\t\t<\/div>\n\t\t\t<\/a>\n\t\t\t\t\t\t<\/div>\n\t\t<\/div>\n\t\t\n\t\t<\/div>\n\n\n\t\t\n\t\t<div style=\"margin-top:var(--wp--preset--spacing--80);\" class=\"wp-block-offer__list columns-1 wp-block-hoyry-bosch-offer-list\">\n\t\t\t<div class=\"items\">\n\t\t\t\t\t\t\t<a href=\"https:\/\/admin.boschcarservice.dk\/danish\/offer\/kvalitetsstyring\/\" rel=\"noreferrer noopener\" class=\"item\">\n\t\t\t\t<div class=\"image\">\n\t\t\t\t\t<img loading=\"lazy\" decoding=\"async\" width=\"1024\" height=\"699\" src=\"https:\/\/admin.boschcarservice.dk\/danish\/wp-content\/uploads\/sites\/7\/2023\/09\/qualitybcs.jpg\" class=\"attachment-large size-large wp-post-image\" alt=\"\" style=\"\" srcset=\"https:\/\/admin.boschcarservice.dk\/danish\/wp-content\/uploads\/sites\/7\/2023\/09\/qualitybcs.jpg 1024w, https:\/\/admin.boschcarservice.dk\/danish\/wp-content\/uploads\/sites\/7\/2023\/09\/qualitybcs-300x205.jpg 300w, https:\/\/admin.boschcarservice.dk\/danish\/wp-content\/uploads\/sites\/7\/2023\/09\/qualitybcs-768x524.jpg 768w\" sizes=\"auto, (max-width: 1024px) 100vw, 1024px\" \/>\t\t\t\t<\/div>\n\t\t\t\t\t\t\t\t\t<div class=\"meta\">\n\t\t\t\t\t\t\t\t\t\t\t\t\t\t\t\t\t\t\t<div class=\"categories\">\n\t\t\t\t\t\t\t\tTilbud\t\t\t\t\t\t\t<\/div>\n\t\t\t\t\t\t\t\t\t\t\t<\/div>\n\t\t\t\t\t\t\t\t<div class=\"content\">\n\t\t\t\t\t<h3 class=\"title\">Kvalitetsstyring<\/h3>\n\t\t\t\t\t<div class=\"excerpt\">\n\t\t\t\t\t\tVi \u00f8nsker at sikre, at du som kunde har den bedst mulige oplevelse. Som en del af Bosch Car Service-netv\u00e6rket betyder det, at eksterne eksperter regelm\u00e6ssigt overv\u00e5ger vores kvalitetsstandarder og procedurer.\t\t\t\t\t<\/div>\n\t\t\t\t\t<div class=\"link\">\n\t\t\t\t\t\tL\u00e6r mere\t\t\t\t\t<\/div>\n\t\t\t\t<\/div>\n\t\t\t<\/a>\n\t\t\t\t\t\t<a href=\"https:\/\/admin.boschcarservice.dk\/danish\/offer\/fleksibel-betaling-med-et-bosch-car-service-kort\/\" rel=\"noreferrer noopener\" class=\"item\">\n\t\t\t\t<div class=\"image\">\n\t\t\t\t\t<img loading=\"lazy\" decoding=\"async\" width=\"1024\" height=\"576\" src=\"https:\/\/admin.boschcarservice.dk\/danish\/wp-content\/uploads\/sites\/7\/2023\/05\/bosch-car-service-card-001-1024x576.jpg\" class=\"attachment-large size-large wp-post-image\" alt=\"\" style=\"\" srcset=\"https:\/\/admin.boschcarservice.dk\/danish\/wp-content\/uploads\/sites\/7\/2023\/05\/bosch-car-service-card-001-1024x576.jpg 1024w, https:\/\/admin.boschcarservice.dk\/danish\/wp-content\/uploads\/sites\/7\/2023\/05\/bosch-car-service-card-001-300x169.jpg 300w, https:\/\/admin.boschcarservice.dk\/danish\/wp-content\/uploads\/sites\/7\/2023\/05\/bosch-car-service-card-001-768x432.jpg 768w, https:\/\/admin.boschcarservice.dk\/danish\/wp-content\/uploads\/sites\/7\/2023\/05\/bosch-car-service-card-001-1536x864.jpg 1536w, https:\/\/admin.boschcarservice.dk\/danish\/wp-content\/uploads\/sites\/7\/2023\/05\/bosch-car-service-card-001.jpg 1920w\" sizes=\"auto, (max-width: 1024px) 100vw, 1024px\" \/>\t\t\t\t<\/div>\n\t\t\t\t\t\t\t\t\t<div class=\"meta\">\n\t\t\t\t\t\t\t\t\t\t\t\t\t\t\t\t\t\t\t<div class=\"categories\">\n\t\t\t\t\t\t\t\tTilbud\t\t\t\t\t\t\t<\/div>\n\t\t\t\t\t\t\t\t\t\t\t<\/div>\n\t\t\t\t\t\t\t\t<div class=\"content\">\n\t\t\t\t\t<h3 class=\"title\">Fleksibel betaling med et Bosch Car Service-kort<\/h3>\n\t\t\t\t\t<div class=\"excerpt\">\n\t\t\t\t\t\tMed vores egen betalingskort, Bosch Car Service-kortet, bestemmer du selv, hvordan du \u00f8nsker at betale for dit v\u00e6rkstedsbes\u00f8g.\t\t\t\t\t<\/div>\n\t\t\t\t\t<div class=\"link\">\n\t\t\t\t\t\tL\u00e6r mere\t\t\t\t\t<\/div>\n\t\t\t\t<\/div>\n\t\t\t<\/a>\n\t\t\t\t\t\t<a href=\"https:\/\/admin.boschcarservice.dk\/danish\/offer\/book-dit-naeste-besog-hos-os-online\/\" rel=\"noreferrer noopener\" class=\"item\">\n\t\t\t\t<div class=\"image\">\n\t\t\t\t\t<img loading=\"lazy\" decoding=\"async\" width=\"1024\" height=\"576\" src=\"https:\/\/admin.boschcarservice.dk\/danish\/wp-content\/uploads\/sites\/7\/2023\/05\/mybcs-woman-booking-1024x576.jpg\" class=\"attachment-large size-large wp-post-image\" alt=\"\" style=\"\" srcset=\"https:\/\/admin.boschcarservice.dk\/danish\/wp-content\/uploads\/sites\/7\/2023\/05\/mybcs-woman-booking-1024x576.jpg 1024w, https:\/\/admin.boschcarservice.dk\/danish\/wp-content\/uploads\/sites\/7\/2023\/05\/mybcs-woman-booking-300x169.jpg 300w, https:\/\/admin.boschcarservice.dk\/danish\/wp-content\/uploads\/sites\/7\/2023\/05\/mybcs-woman-booking-768x432.jpg 768w, https:\/\/admin.boschcarservice.dk\/danish\/wp-content\/uploads\/sites\/7\/2023\/05\/mybcs-woman-booking-1536x864.jpg 1536w, https:\/\/admin.boschcarservice.dk\/danish\/wp-content\/uploads\/sites\/7\/2023\/05\/mybcs-woman-booking.jpg 1920w\" sizes=\"auto, (max-width: 1024px) 100vw, 1024px\" \/>\t\t\t\t<\/div>\n\t\t\t\t\t\t\t\t\t<div class=\"meta\">\n\t\t\t\t\t\t\t\t\t\t\t\t\t\t\t\t\t\t\t<div class=\"categories\">\n\t\t\t\t\t\t\t\tTilbud\t\t\t\t\t\t\t<\/div>\n\t\t\t\t\t\t\t\t\t\t\t<\/div>\n\t\t\t\t\t\t\t\t<div class=\"content\">\n\t\t\t\t\t<h3 class=\"title\">Book dit n\u00e6ste bes\u00f8g hos os online!<\/h3>\n\t\t\t\t\t<div class=\"excerpt\">\n\t\t\t\t\t\tVi ved, at 52% af dine bookinger foretages uden for \u00e5bningstiden. Hos os kan du nemt og hurtigt booke dit n\u00e6ste v\u00e6rkstedsbes\u00f8g online, n\u00e5r det passer dig. Du f\u00e5r \u00f8jeblikkeligt besked om prisen.\t\t\t\t\t<\/div>\n\t\t\t\t\t<div class=\"link\">\n\t\t\t\t\t\tL\u00e6r mere\t\t\t\t\t<\/div>\n\t\t\t\t<\/div>\n\t\t\t<\/a>\n\t\t\t\t\t\t<a href=\"https:\/\/admin.boschcarservice.dk\/danish\/offer\/originale-reservedele-fra-bosch\/\" rel=\"noreferrer noopener\" class=\"item\">\n\t\t\t\t<div class=\"image\">\n\t\t\t\t\t<img loading=\"lazy\" decoding=\"async\" width=\"1024\" height=\"576\" src=\"https:\/\/admin.boschcarservice.dk\/danish\/wp-content\/uploads\/sites\/7\/2023\/03\/carrepairservice91351-1024x576.jpg\" class=\"attachment-large size-large wp-post-image\" alt=\"\" style=\"\" srcset=\"https:\/\/admin.boschcarservice.dk\/danish\/wp-content\/uploads\/sites\/7\/2023\/03\/carrepairservice91351-1024x576.jpg 1024w, https:\/\/admin.boschcarservice.dk\/danish\/wp-content\/uploads\/sites\/7\/2023\/03\/carrepairservice91351-300x169.jpg 300w, https:\/\/admin.boschcarservice.dk\/danish\/wp-content\/uploads\/sites\/7\/2023\/03\/carrepairservice91351-768x432.jpg 768w, https:\/\/admin.boschcarservice.dk\/danish\/wp-content\/uploads\/sites\/7\/2023\/03\/carrepairservice91351-1536x864.jpg 1536w, https:\/\/admin.boschcarservice.dk\/danish\/wp-content\/uploads\/sites\/7\/2023\/03\/carrepairservice91351-2048x1152.jpg 2048w\" sizes=\"auto, (max-width: 1024px) 100vw, 1024px\" \/>\t\t\t\t<\/div>\n\t\t\t\t\t\t\t\t\t<div class=\"meta\">\n\t\t\t\t\t\t\t\t\t\t\t\t\t\t\t\t\t\t\t<div class=\"categories\">\n\t\t\t\t\t\t\t\tTilbud\t\t\t\t\t\t\t<\/div>\n\t\t\t\t\t\t\t\t\t\t\t<\/div>\n\t\t\t\t\t\t\t\t<div class=\"content\">\n\t\t\t\t\t<h3 class=\"title\">Originale reservedele fra Bosch<\/h3>\n\t\t\t\t\t<div class=\"excerpt\">\n\t\t\t\t\t\tVi er stolte af at sikre, at dit k\u00f8ret\u00f8j altid er i gode h\u00e6nder. Derfor bruger vi udelukkende reservedele i originalstandard eller reservedele af h\u00f8jeste kvalitet for at hj\u00e6lpe med at bevare din bils v\u00e6rdi.\t\t\t\t\t<\/div>\n\t\t\t\t\t<div class=\"link\">\n\t\t\t\t\t\tL\u00e6r mere\t\t\t\t\t<\/div>\n\t\t\t\t<\/div>\n\t\t\t<\/a>\n\t\t\t\t\t\t<a href=\"https:\/\/admin.boschcarservice.dk\/danish\/offer\/bosch-car-service-vejhjaelp\/\" rel=\"noreferrer noopener\" class=\"item\">\n\t\t\t\t<div class=\"image\">\n\t\t\t\t\t<img loading=\"lazy\" decoding=\"async\" width=\"1024\" height=\"575\" src=\"https:\/\/admin.boschcarservice.dk\/danish\/wp-content\/uploads\/sites\/7\/2023\/03\/guidedetailaccidentgaccident91311-1024x575.jpg\" class=\"attachment-large size-large wp-post-image\" alt=\"\" style=\"\" srcset=\"https:\/\/admin.boschcarservice.dk\/danish\/wp-content\/uploads\/sites\/7\/2023\/03\/guidedetailaccidentgaccident91311-1024x575.jpg 1024w, https:\/\/admin.boschcarservice.dk\/danish\/wp-content\/uploads\/sites\/7\/2023\/03\/guidedetailaccidentgaccident91311-300x169.jpg 300w, https:\/\/admin.boschcarservice.dk\/danish\/wp-content\/uploads\/sites\/7\/2023\/03\/guidedetailaccidentgaccident91311-768x432.jpg 768w, https:\/\/admin.boschcarservice.dk\/danish\/wp-content\/uploads\/sites\/7\/2023\/03\/guidedetailaccidentgaccident91311-1536x863.jpg 1536w, https:\/\/admin.boschcarservice.dk\/danish\/wp-content\/uploads\/sites\/7\/2023\/03\/guidedetailaccidentgaccident91311-2048x1151.jpg 2048w\" sizes=\"auto, (max-width: 1024px) 100vw, 1024px\" \/>\t\t\t\t<\/div>\n\t\t\t\t\t\t\t\t\t<div class=\"meta\">\n\t\t\t\t\t\t\t\t\t\t\t\t\t\t\t\t\t\t\t<div class=\"categories\">\n\t\t\t\t\t\t\t\tTilbud\t\t\t\t\t\t\t<\/div>\n\t\t\t\t\t\t\t\t\t\t\t<\/div>\n\t\t\t\t\t\t\t\t<div class=\"content\">\n\t\t\t\t\t<h3 class=\"title\">Bosch Car Service Vejhj\u00e6lp<\/h3>\n\t\t\t\t\t<div class=\"excerpt\">\n\t\t\t\t\t\tVi tilbyder vejhj\u00e6lp &#8211; din garanti for at komme sikkert tilbage p\u00e5 vejen.\t\t\t\t\t<\/div>\n\t\t\t\t\t<div class=\"link\">\n\t\t\t\t\t\tL\u00e6r mere\t\t\t\t\t<\/div>\n\t\t\t\t<\/div>\n\t\t\t<\/a>\n\t\t\t\t\t\t<\/div>\n\t\t<\/div>\n\t\t\n\t\t\n\n\n<div style=\"height:50px\" aria-hidden=\"true\" class=\"wp-block-spacer\"><\/div>\n","protected":false},"excerpt":{"rendered":"<p>Offers<\/p>\n","protected":false},"author":1,"featured_media":0,"parent":0,"menu_order":3,"comment_status":"closed","ping_status":"closed","template":"","meta":{"_acf_changed":false,"_hide_from_nav_menu":false,"_show_duplicate_in_nav_menu_dropdown":false,"footnotes":""},"class_list":["post-1436","page","type-page","status-publish","hentry"],"yoast_head":"<!-- This site is optimized with the Yoast SEO plugin v23.6 - https:\/\/yoast.com\/wordpress\/plugins\/seo\/ -->\n<title>Tilbud - Danish Template<\/title>\n<meta name=\"robots\" content=\"noindex, follow, max-snippet:-1, max-image-preview:large, max-video-preview:-1\" \/>\n<meta property=\"og:locale\" content=\"da_DK\" \/>\n<meta property=\"og:type\" content=\"article\" \/>\n<meta property=\"og:title\" content=\"Tilbud - Danish Template\" \/>\n<meta property=\"og:description\" content=\"Offers\" \/>\n<meta property=\"og:url\" content=\"https:\/\/admin.boschcarservice.dk\/danish\/tilbud\/\" \/>\n<meta property=\"og:site_name\" content=\"Danish Template\" \/>\n<meta property=\"article:modified_time\" content=\"2024-06-28T13:18:48+00:00\" \/>\n<meta name=\"twitter:card\" content=\"summary_large_image\" \/>\n<meta name=\"twitter:label1\" content=\"Estimeret l\u00e6setid\" \/>\n\t<meta name=\"twitter:data1\" content=\"1 minut\" \/>\n<script type=\"application\/ld+json\" class=\"yoast-schema-graph\">{\"@context\":\"https:\/\/schema.org\",\"@graph\":[{\"@type\":\"WebPage\",\"@id\":\"https:\/\/admin.boschcarservice.dk\/danish\/tilbud\/\",\"url\":\"https:\/\/admin.boschcarservice.dk\/danish\/tilbud\/\",\"name\":\"Tilbud - Danish Template\",\"isPartOf\":{\"@id\":\"https:\/\/admin.boschcarservice.dk\/danish\/#website\"},\"datePublished\":\"2023-03-20T12:46:51+00:00\",\"dateModified\":\"2024-06-28T13:18:48+00:00\",\"breadcrumb\":{\"@id\":\"https:\/\/admin.boschcarservice.dk\/danish\/tilbud\/#breadcrumb\"},\"inLanguage\":\"da-DK\",\"potentialAction\":[{\"@type\":\"ReadAction\",\"target\":[\"https:\/\/admin.boschcarservice.dk\/danish\/tilbud\/\"]}]},{\"@type\":\"BreadcrumbList\",\"@id\":\"https:\/\/admin.boschcarservice.dk\/danish\/tilbud\/#breadcrumb\",\"itemListElement\":[{\"@type\":\"ListItem\",\"position\":1,\"name\":\"Home\",\"item\":\"https:\/\/admin.boschcarservice.dk\/danish\/\"},{\"@type\":\"ListItem\",\"position\":2,\"name\":\"Tilbud\"}]},{\"@type\":\"WebSite\",\"@id\":\"https:\/\/admin.boschcarservice.dk\/danish\/#website\",\"url\":\"https:\/\/admin.boschcarservice.dk\/danish\/\",\"name\":\"Danish Template\",\"description\":\"Bosch Car Service\",\"publisher\":{\"@id\":\"https:\/\/admin.boschcarservice.dk\/danish\/#organization\"},\"potentialAction\":[{\"@type\":\"SearchAction\",\"target\":{\"@type\":\"EntryPoint\",\"urlTemplate\":\"https:\/\/admin.boschcarservice.dk\/danish\/?s={search_term_string}\"},\"query-input\":{\"@type\":\"PropertyValueSpecification\",\"valueRequired\":true,\"valueName\":\"search_term_string\"}}],\"inLanguage\":\"da-DK\"},{\"@type\":\"Organization\",\"@id\":\"https:\/\/admin.boschcarservice.dk\/danish\/#organization\",\"name\":\"Danish Template\",\"url\":\"https:\/\/admin.boschcarservice.dk\/danish\/\",\"logo\":{\"@type\":\"ImageObject\",\"inLanguage\":\"da-DK\",\"@id\":\"https:\/\/admin.boschcarservice.dk\/danish\/#\/schema\/logo\/image\/\",\"url\":\"https:\/\/admin.boschcarservice.dk\/danish\/wp-content\/uploads\/sites\/7\/2023\/03\/bosch-car-service-logo.png\",\"contentUrl\":\"https:\/\/admin.boschcarservice.dk\/danish\/wp-content\/uploads\/sites\/7\/2023\/03\/bosch-car-service-logo.png\",\"width\":512,\"height\":512,\"caption\":\"Danish Template\"},\"image\":{\"@id\":\"https:\/\/admin.boschcarservice.dk\/danish\/#\/schema\/logo\/image\/\"}}]}<\/script>\n<!-- \/ Yoast SEO plugin. -->","yoast_head_json":{"title":"Tilbud - Danish Template","robots":{"index":"noindex","follow":"follow","max-snippet":"max-snippet:-1","max-image-preview":"max-image-preview:large","max-video-preview":"max-video-preview:-1"},"og_locale":"da_DK","og_type":"article","og_title":"Tilbud - Danish Template","og_description":"Offers","og_url":"https:\/\/admin.boschcarservice.dk\/danish\/tilbud\/","og_site_name":"Danish Template","article_modified_time":"2024-06-28T13:18:48+00:00","twitter_card":"summary_large_image","twitter_misc":{"Estimeret l\u00e6setid":"1 minut"},"schema":{"@context":"https:\/\/schema.org","@graph":[{"@type":"WebPage","@id":"https:\/\/admin.boschcarservice.dk\/danish\/tilbud\/","url":"https:\/\/admin.boschcarservice.dk\/danish\/tilbud\/","name":"Tilbud - Danish Template","isPartOf":{"@id":"https:\/\/admin.boschcarservice.dk\/danish\/#website"},"datePublished":"2023-03-20T12:46:51+00:00","dateModified":"2024-06-28T13:18:48+00:00","breadcrumb":{"@id":"https:\/\/admin.boschcarservice.dk\/danish\/tilbud\/#breadcrumb"},"inLanguage":"da-DK","potentialAction":[{"@type":"ReadAction","target":["https:\/\/admin.boschcarservice.dk\/danish\/tilbud\/"]}]},{"@type":"BreadcrumbList","@id":"https:\/\/admin.boschcarservice.dk\/danish\/tilbud\/#breadcrumb","itemListElement":[{"@type":"ListItem","position":1,"name":"Home","item":"https:\/\/admin.boschcarservice.dk\/danish\/"},{"@type":"ListItem","position":2,"name":"Tilbud"}]},{"@type":"WebSite","@id":"https:\/\/admin.boschcarservice.dk\/danish\/#website","url":"https:\/\/admin.boschcarservice.dk\/danish\/","name":"Danish Template","description":"Bosch Car Service","publisher":{"@id":"https:\/\/admin.boschcarservice.dk\/danish\/#organization"},"potentialAction":[{"@type":"SearchAction","target":{"@type":"EntryPoint","urlTemplate":"https:\/\/admin.boschcarservice.dk\/danish\/?s={search_term_string}"},"query-input":{"@type":"PropertyValueSpecification","valueRequired":true,"valueName":"search_term_string"}}],"inLanguage":"da-DK"},{"@type":"Organization","@id":"https:\/\/admin.boschcarservice.dk\/danish\/#organization","name":"Danish Template","url":"https:\/\/admin.boschcarservice.dk\/danish\/","logo":{"@type":"ImageObject","inLanguage":"da-DK","@id":"https:\/\/admin.boschcarservice.dk\/danish\/#\/schema\/logo\/image\/","url":"https:\/\/admin.boschcarservice.dk\/danish\/wp-content\/uploads\/sites\/7\/2023\/03\/bosch-car-service-logo.png","contentUrl":"https:\/\/admin.boschcarservice.dk\/danish\/wp-content\/uploads\/sites\/7\/2023\/03\/bosch-car-service-logo.png","width":512,"height":512,"caption":"Danish Template"},"image":{"@id":"https:\/\/admin.boschcarservice.dk\/danish\/#\/schema\/logo\/image\/"}}]}},"acf":[],"_links":{"self":[{"href":"https:\/\/admin.boschcarservice.dk\/danish\/wp-json\/wp\/v2\/pages\/1436","targetHints":{"allow":["GET"]}}],"collection":[{"href":"https:\/\/admin.boschcarservice.dk\/danish\/wp-json\/wp\/v2\/pages"}],"about":[{"href":"https:\/\/admin.boschcarservice.dk\/danish\/wp-json\/wp\/v2\/types\/page"}],"author":[{"embeddable":true,"href":"https:\/\/admin.boschcarservice.dk\/danish\/wp-json\/wp\/v2\/users\/1"}],"replies":[{"embeddable":true,"href":"https:\/\/admin.boschcarservice.dk\/danish\/wp-json\/wp\/v2\/comments?post=1436"}],"version-history":[{"count":5,"href":"https:\/\/admin.boschcarservice.dk\/danish\/wp-json\/wp\/v2\/pages\/1436\/revisions"}],"predecessor-version":[{"id":2579,"href":"https:\/\/admin.boschcarservice.dk\/danish\/wp-json\/wp\/v2\/pages\/1436\/revisions\/2579"}],"wp:attachment":[{"href":"https:\/\/admin.boschcarservice.dk\/danish\/wp-json\/wp\/v2\/media?parent=1436"}],"curies":[{"name":"wp","href":"https:\/\/api.w.org\/{rel}","templated":true}]}}